{"id":537,"date":"2024-06-20T16:23:20","date_gmt":"2024-06-20T16:23:20","guid":{"rendered":"https:\/\/norazuhouse.wordpress.com\/contact\/"},"modified":"2024-10-11T17:42:23","modified_gmt":"2024-10-11T17:42:23","slug":"contact","status":"publish","type":"page","link":"https:\/\/hoggar.com.mx\/index.php\/contact\/","title":{"rendered":"Contacto"},"content":{"rendered":"<p>\n\n\n<\/p>\r\n<p>Hablemos \ud83d\udc4b No dudes en ponerte en contacto con nosotros utilizando la informaci\u00f3n de contacto a continuaci\u00f3n, o env\u00eda un mensaje usando el formulario.<\/p>\r\n<p>\n\n\n\n<div class=\"wp-block-columns is-layout-flex wp-container-core-columns-is-layout-28f84493 wp-block-columns-is-layout-flex\">\n<div class=\"wp-block-column is-layout-flow wp-block-column-is-layout-flow\">\n<h3 class=\"wp-block-heading\">Ponte en contacto<\/h3>\n\n\n\n<p>Junco de la Vega 411 Monterrey,\u00a0Nuevo Leon\u00a064840 M\u00e9xico <a href=\"mailto:gguajardo@hoggar.com.mx\">contacto@hoggar.com.mx<\/a><\/p>\n\n\n\n<p><\/p>\n\n\n\n<h2 class=\"wp-block-heading\">Open Hours<\/h2>\n\n\n\n<figure class=\"wp-block-table is-style-stripes\"><table class=\"has-fixed-layout\" style=\"border-style:none;border-width:0px\"><tbody><tr><td><strong>Lunes<\/strong><\/td><td>9:00 am &#8211; 5:00 pm<\/td><\/tr><tr><td>Martes<\/td><td>9:00 am &#8211; 5:00 pm<\/td><\/tr><tr><td>Mi\u00e9rcoles<\/td><td>9:00 am &#8211; 5:00 pm<\/td><\/tr><tr><td>Jueves<\/td><td>9:00 am &#8211; 5:00 pm<\/td><\/tr><tr><td>Viernes<\/td><td>9:00 am &#8211; 5:00 pm<\/td><\/tr><tr><td>S\u00e1bado<\/td><td>Cerrado<\/td><\/tr><tr><td>Domingo<\/td><td>Cerrado<\/td><\/tr><\/tbody><\/table><figcaption class=\"wp-element-caption\"><h3>Previa cita.<\/h3><\/figcaption><\/figure>\n<\/div>\n\n\n\n<div class=\"wp-block-column is-layout-flow wp-block-column-is-layout-flow\"><div class=\"wpforms-container wpforms-container-full wpforms-render-modern\" id=\"wpforms-726\"><form id=\"wpforms-form-726\" class=\"wpforms-validate wpforms-form wpforms-ajax-form\" data-formid=\"726\" method=\"post\" enctype=\"multipart\/form-data\" action=\"\/index.php\/wp-json\/wp\/v2\/pages\/537\" data-token=\"cd2acd93b5a6df52159411023160ff3d\" data-token-time=\"1776425638\"><noscript class=\"wpforms-error-noscript\">Por favor, activa JavaScript en tu navegador para completar este formulario.<\/noscript><div class=\"wpforms-hidden\" id=\"wpforms-error-noscript\">Por favor, activa JavaScript en tu navegador para completar este formulario.<\/div><div class=\"wpforms-field-container\"><div id=\"wpforms-726-field_1-container\" class=\"wpforms-field wpforms-field-name\" data-field-id=\"1\"><label class=\"wpforms-field-label\" for=\"wpforms-726-field_1\">Nombre <span class=\"wpforms-required-label\" aria-hidden=\"true\">*<\/span><\/label><input type=\"text\" id=\"wpforms-726-field_1\" class=\"wpforms-field-medium wpforms-field-required\" name=\"wpforms[fields][1]\" aria-errormessage=\"wpforms-726-field_1-error\" required><\/div><div id=\"wpforms-726-field_2-container\" class=\"wpforms-field wpforms-field-email\" data-field-id=\"2\"><label class=\"wpforms-field-label\" for=\"wpforms-726-field_2\">Correo electr\u00f3nico <span class=\"wpforms-required-label\" aria-hidden=\"true\">*<\/span><\/label><input type=\"email\" id=\"wpforms-726-field_2\" class=\"wpforms-field-medium wpforms-field-required\" name=\"wpforms[fields][2]\" spellcheck=\"false\" aria-errormessage=\"wpforms-726-field_2-error\" required><\/div><div id=\"wpforms-726-field_4-container\" class=\"wpforms-field wpforms-field-text\" data-field-id=\"4\"><label class=\"wpforms-field-label\" for=\"wpforms-726-field_4\">Celular <span class=\"wpforms-required-label\" aria-hidden=\"true\">*<\/span><\/label><input type=\"text\" id=\"wpforms-726-field_4\" class=\"wpforms-field-medium wpforms-field-required\" name=\"wpforms[fields][4]\" aria-errormessage=\"wpforms-726-field_4-error\" required><\/div><div id=\"wpforms-726-field_3-container\" class=\"wpforms-field wpforms-field-textarea\" data-field-id=\"3\"><label class=\"wpforms-field-label\" for=\"wpforms-726-field_3\">Comentario o mensaje<\/label><textarea id=\"wpforms-726-field_3\" class=\"wpforms-field-medium\" name=\"wpforms[fields][3]\" aria-errormessage=\"wpforms-726-field_3-error\" ><\/textarea><\/div><\/div><!-- .wpforms-field-container --><div class=\"wpforms-submit-container\" ><input type=\"hidden\" name=\"wpforms[id]\" value=\"726\"><input type=\"hidden\" name=\"page_title\" value=\"\"><input type=\"hidden\" name=\"page_url\" value=\"https:\/\/hoggar.com.mx\/index.php\/wp-json\/wp\/v2\/pages\/537\"><button type=\"submit\" name=\"wpforms[submit]\" id=\"wpforms-submit-726\" class=\"wpforms-submit\" data-alt-text=\"Enviando...\" data-submit-text=\"Enviar\" aria-live=\"assertive\" value=\"wpforms-submit\">Enviar<\/button><img decoding=\"async\" src=\"https:\/\/hoggar.com.mx\/wp-content\/plugins\/wpforms-lite\/assets\/images\/submit-spin.svg\" class=\"wpforms-submit-spinner\" style=\"display: none;\" width=\"26\" height=\"26\" alt=\"Cargando\"><\/div><\/form><\/div>  <!-- .wpforms-container -->\n<\/div>\n<\/div>\n\n\n\n<p><\/p>\n","protected":false},"excerpt":{"rendered":"<p>Hablemos \ud83d\udc4b No dudes en ponerte en contacto con nosotros utilizando la informaci\u00f3n de contacto a continuaci\u00f3n, o env\u00eda un mensaje usando el formulario. Ponte en contacto Junco de la Vega 411 Monterrey,\u00a0Nuevo Leon\u00a064840 M\u00e9xico contacto@hoggar.com.mx Open Hours Lunes 9:00 am &#8211; 5:00 pm Martes 9:00 am &#8211; 5:00 pm Mi\u00e9rcoles 9:00 am &#8211; 5:00<a class=\"more-link\" href=\"https:\/\/hoggar.com.mx\/index.php\/contact\/\">Continue reading <span class=\"screen-reader-text\">&#8220;Contacto&#8221;<\/span><\/a><\/p>\n","protected":false},"author":2,"featured_media":0,"parent":0,"menu_order":0,"comment_status":"closed","ping_status":"closed","template":"","meta":{"footnotes":""},"class_list":["post-537","page","type-page","status-publish","hentry","entry"],"_links":{"self":[{"href":"https:\/\/hoggar.com.mx\/index.php\/wp-json\/wp\/v2\/pages\/537","targetHints":{"allow":["GET"]}}],"collection":[{"href":"https:\/\/hoggar.com.mx\/index.php\/wp-json\/wp\/v2\/pages"}],"about":[{"href":"https:\/\/hoggar.com.mx\/index.php\/wp-json\/wp\/v2\/types\/page"}],"author":[{"embeddable":true,"href":"https:\/\/hoggar.com.mx\/index.php\/wp-json\/wp\/v2\/users\/2"}],"replies":[{"embeddable":true,"href":"https:\/\/hoggar.com.mx\/index.php\/wp-json\/wp\/v2\/comments?post=537"}],"version-history":[{"count":24,"href":"https:\/\/hoggar.com.mx\/index.php\/wp-json\/wp\/v2\/pages\/537\/revisions"}],"predecessor-version":[{"id":834,"href":"https:\/\/hoggar.com.mx\/index.php\/wp-json\/wp\/v2\/pages\/537\/revisions\/834"}],"wp:attachment":[{"href":"https:\/\/hoggar.com.mx\/index.php\/wp-json\/wp\/v2\/media?parent=537"}],"curies":[{"name":"wp","href":"https:\/\/api.w.org\/{rel}","templated":true}]}}